{"id":259628,"date":"2022-05-31T20:12:24","date_gmt":"2022-05-31T23:12:24","guid":{"rendered":"https:\/\/rhapsodia.com.br\/ti\/?page_id=259628"},"modified":"2022-10-31T11:10:19","modified_gmt":"2022-10-31T14:10:19","slug":"politica-de-cookies","status":"publish","type":"page","link":"https:\/\/rhapsodia.com.br\/ti\/politica-de-cookies\/","title":{"rendered":"politica-de-cookies"},"content":{"rendered":"<p>[et_pb_section fb_built=&#8221;1&#8243; _builder_version=&#8221;4.16&#8243; global_colors_info=&#8221;{}&#8221;][et_pb_row _builder_version=&#8221;4.16&#8243; background_size=&#8221;initial&#8221; background_position=&#8221;top_left&#8221; background_repeat=&#8221;repeat&#8221; global_colors_info=&#8221;{}&#8221;][et_pb_column type=&#8221;4_4&#8243; _builder_version=&#8221;4.16&#8243; custom_padding=&#8221;|||&#8221; global_colors_info=&#8221;{}&#8221; custom_padding__hover=&#8221;|||&#8221;][et_pb_text _builder_version=&#8221;4.18.1&#8243; text_font=&#8221;Montserrat||||||||&#8221; text_text_color=&#8221;#000000&#8243; text_font_size=&#8221;16px&#8221; text_line_height=&#8221;1.9em&#8221; header_font=&#8221;Montserrat|600|||||||&#8221; header_text_color=&#8221;#000000&#8243; header_font_size=&#8221;50px&#8221; background_size=&#8221;initial&#8221; background_position=&#8221;top_left&#8221; background_repeat=&#8221;repeat&#8221; text_orientation=&#8221;justified&#8221; hover_enabled=&#8221;0&#8243; inline_fonts=&#8221;Montserrat,Andromeda-Bold&#8221; global_colors_info=&#8221;{}&#8221; header_line_height__hover_enabled=&#8221;off|hover&#8221; sticky_enabled=&#8221;0&#8243;]<\/p>\n<h1 style=\"text-align: center;\"><strong>Pol\u00edtica de Cookies<\/strong><\/h1>\n<p style=\"text-align: left;\"><span style=\"font-family: Montserrat; font-weight: normal; color: #000000;\"><span style=\"font-family: inherit; color: #333333;\"><\/span><\/span><\/p>\n<p style=\"text-align: left;\"><span style=\"font-family: Montserrat; font-weight: normal; color: #000000;\"><span style=\"font-family: inherit; color: #333333;\"><\/span><\/span><\/p>\n<p style=\"text-align: left;\"><span style=\"font-family: Montserrat; font-weight: normal; color: #000000;\"><span style=\"font-family: inherit; color: #333333;\"><\/span><\/span><\/p>\n<p style=\"text-align: left;\"><span style=\"font-family: Montserrat; font-weight: normal; color: #000000;\"><span style=\"font-family: inherit; color: #333333;\"><\/span><\/span><\/p>\n<p style=\"text-align: center;\"><span style=\"font-family: Montserrat; font-weight: normal; color: #000000;\"><span style=\"font-family: inherit; color: #333333;\">Documento atualizado em 31 de outubro de 2022.<\/span><br \/><\/span><\/p>\n<p style=\"text-align: justify;\"><span style=\"color: #000000;\"><\/span><\/p>\n<p style=\"text-align: justify;\"><span style=\"color: #000000;\">Esta Pol\u00edtica de Cookies explica o que s\u00e3o cookies e como os usamos, os tipos de cookies que usamos, ou seja, as informa\u00e7\u00f5es que coletamos usando cookies e como essas informa\u00e7\u00f5es s\u00e3o usadas e como controlar as prefer\u00eancias de cookies. Para obter mais informa\u00e7\u00f5es sobre como usamos, armazenamos e mantemos seus dados pessoais seguros, consulte nossa <a href=\"https:\/\/rhapsodia.com.br\/ti\/politica-de-privacidade\/\" target=\"_blank\" rel=\"noopener\">Pol\u00edtica de Privacidade<\/a>.<\/span><\/p>\n<p style=\"text-align: justify;\"><span style=\"color: #000000;\">Voc\u00ea pode a qualquer momento alterar ou retirar seu consentimento da Declara\u00e7\u00e3o de Cookies em nosso site, clicando em <a class=\"cli_manage_current_consent\" style=\"cursor: pointer; text-decoration: underline;\">&#8220;Revisar Consentimento&#8221;.<\/a> no canto inferior esquerdo da p\u00e1gina.<\/span><\/p>\n<p style=\"text-align: justify;\"><div class=\"cli_user_consent_state\">Seu estado atual: N\u00e3o foi dado consentimento. <a class=\"cli_manage_current_consent\" style=\"cursor:pointer;text-decoration:underline;\">Gerenciar consentimento.<\/a> <\/div><\/p>\n<p style=\"text-align: justify;\"><span style=\"color: #000000;\"><\/span><\/p>\n<h3 style=\"text-align: justify;\"><\/h3>\n<h3 style=\"text-align: justify;\"><strong><span style=\"font-family: Montserrat;\"><span style=\"color: #000000;\"><\/span><\/span><\/strong><\/h3>\n<blockquote>\n<h3 style=\"text-align: justify;\"><strong><span style=\"font-family: Montserrat;\"><span style=\"color: #000000;\">O que s\u00e3o Cookies ?<\/span><\/span><\/strong><\/h3>\n<\/blockquote>\n<p><strong><span style=\"font-family: Montserrat;\"><span style=\"color: #000000;\"><\/span><\/span><\/strong><\/p>\n<p style=\"text-align: justify;\"><span style=\"color: #000000;\">Cookies s\u00e3o pequenos arquivos de texto usados \u200b\u200bpara armazenar pequenas informa\u00e7\u00f5es. Eles s\u00e3o armazenados em seu dispositivo quando o site \u00e9 carregado em seu navegador. Esses cookies nos ajudam a fazer o site funcionar corretamente, torn\u00e1-lo mais seguro, fornecer uma melhor experi\u00eancia do usu\u00e1rio e entender como o site funciona e analisar o que funciona e onde precisa ser melhorado.<br \/><\/span><\/p>\n<p style=\"text-align: justify;\"><span style=\"color: #000000;\">\u00a0<\/span><span style=\"color: #000000;\">\u00a0<\/span><\/p>\n<blockquote>\n<h3 style=\"text-align: justify;\"><span style=\"font-family: Montserrat; font-weight: normal;\"><strong><span style=\"color: #000000;\">Como n\u00f3s utilizamos os Cookies ?<\/span><\/strong><\/span><\/h3>\n<\/blockquote>\n<p><span style=\"font-family: Montserrat; font-weight: normal;\"><strong><span style=\"color: #000000;\"><\/span><\/strong><\/span><\/p>\n<p style=\"text-align: justify;\"><span style=\"color: #000000;\">Como a maioria dos servi\u00e7os online, nosso site usa cookies prim\u00e1rios e de terceiros para diversos fins. Os cookies prim\u00e1rios s\u00e3o principalmente necess\u00e1rios para o funcionamento correto do site e n\u00e3o coletam nenhum de seus dados de identifica\u00e7\u00e3o pessoal. Os cookies de terceiros usados \u200b\u200bem nosso site s\u00e3o principalmente para entender como o site funciona, como voc\u00ea interage com nosso site, mantendo nossos servi\u00e7os seguros, fornecendo an\u00fancios que s\u00e3o relevantes para voc\u00ea e, em suma, proporcionando-lhe um usu\u00e1rio melhor e melhor experi\u00eancia e ajudar a acelerar suas futuras intera\u00e7\u00f5es com nosso site. <strong>Atualmente n\u00e3o exibimos an\u00fancios em nosso site<\/strong>.<br \/><\/span><\/p>\n<p style=\"text-align: justify;\"><span style=\"color: #000000;\">\u00a0<\/span><span style=\"color: #000000;\">\u00a0<\/span><\/p>\n<blockquote>\n<h3 style=\"text-align: justify;\"><strong><span style=\"color: #000000; font-family: Montserrat;\">Quais os tipos de Cookies que utilizamos ?<\/span><\/strong><\/h3>\n<\/blockquote>\n<p><strong><span style=\"color: #000000; font-family: Montserrat;\"><\/span><\/strong><\/p>\n<p><strong><span style=\"color: #000000; font-family: Montserrat;\"><\/span><\/strong><\/p>\n<p style=\"text-align: justify;\"><span style=\"color: #000000;\"><strong>Necess\u00e1rios:<\/strong> Alguns cookies s\u00e3o essenciais para que voc\u00ea possa experimentar todas as funcionalidades do nosso site. Eles nos permitem manter as sess\u00f5es do usu\u00e1rio e prevenir quaisquer amea\u00e7as \u00e0 seguran\u00e7a. Eles n\u00e3o coletam ou armazenam nenhuma informa\u00e7\u00e3o pessoal. Por exemplo, esses cookies permitem que voc\u00ea fa\u00e7a login em sua conta, adicione produtos \u00e0 sua cesta e finalize a compra com seguran\u00e7a.<\/span><\/p>\n<p style=\"text-align: justify;\"><span style=\"color: #000000;\"><\/span><\/p>\n<p style=\"text-align: justify;\"><span style=\"color: #000000;\"><strong>Funcional:<\/strong> Estes s\u00e3o os cookies que auxiliam certas funcionalidades n\u00e3o essenciais em nosso site. Essas funcionalidades incluem a incorpora\u00e7\u00e3o de conte\u00fado como v\u00eddeos ou o compartilhamento de conte\u00fado do site em plataformas de m\u00eddia social.Prefer\u00eancias: Esses cookies nos ajudam a armazenar suas configura\u00e7\u00f5es e prefer\u00eancias de navega\u00e7\u00e3o, como prefer\u00eancias de idioma, para que voc\u00ea tenha uma experi\u00eancia melhor e eficiente em futuras visitas ao site.<\/span><\/p>\n<p style=\"text-align: justify;\"><span style=\"color: #000000;\"><\/span><\/p>\n<p style=\"text-align: justify;\"><span style=\"color: #000000;\"><strong>Desempenho:<\/strong> Os cookies de desempenho s\u00e3o usados \u200b\u200bpara entender e analisar os principais \u00edndices de desempenho do site, o que ajuda a oferecer uma melhor experi\u00eancia de usu\u00e1rio para os visitantes.<\/span><\/p>\n<p style=\"text-align: justify;\"><span style=\"color: #000000;\"><\/span><\/p>\n<p style=\"text-align: justify;\"><span style=\"color: #000000;\"><strong>Anal\u00edticos:<\/strong> Esses cookies armazenam informa\u00e7\u00f5es como o n\u00famero de visitantes do site, o n\u00famero de visitantes \u00fanicos, quais p\u00e1ginas do site foram visitadas, a origem da visita, etc. Esses dados nos ajudam a entender e analisar o desempenho do site e onde precisa de melhorias.<\/span><\/p>\n<p style=\"text-align: justify;\"><span style=\"color: #000000;\"><\/span><\/p>\n<p style=\"text-align: justify;\"><span style=\"color: #000000;\"><strong>Propaganda:<\/strong> Caso nosso site venha a exibir an\u00fancios no futuro, esses cookies ser\u00e3o usados \u200b\u200bpara personalizar os an\u00fancios que mostramos a voc\u00ea para que sejam significativos para voc\u00ea. Esses cookies tamb\u00e9m nos ajudam a acompanhar a efici\u00eancia dessas campanhas publicit\u00e1rias. As informa\u00e7\u00f5es armazenadas nesses cookies tamb\u00e9m podem ser usadas por provedores de an\u00fancios de terceiros para exibir an\u00fancios em outros sites no navegador tamb\u00e9m. <strong>Atualmente n\u00e3o exibimos an\u00fancios em nosso site<\/strong>.<\/span><\/p>\n<p><strong><p>A lista abaixo detalha os cookies usados  em nosso website.<\/p><table class=\"cookielawinfo-row-cat-table cookielawinfo-classic\"><thead><tr><th class=\"cookielawinfo-column-1\">Cookie<\/th><th class=\"cookielawinfo-column-4\">Descri\u00e7\u00e3o<\/th><\/tr><\/thead><tbody><tr class=\"cookielawinfo-row\"><td class=\"cookielawinfo-column-1\">_ga<\/td><td class=\"cookielawinfo-column-4\">O cookie _ga, instalado pelo Google Analytics, calcula os dados do visitante, da sess\u00e3o e da campanha e tamb\u00e9m acompanha o uso do site para o relat\u00f3rio de an\u00e1lise do site. O cookie armazena informa\u00e7\u00f5es anonimamente e atribui um n\u00famero gerado aleatoriamente para reconhecer visitantes \u00fanicos.<\/td><\/tr><tr class=\"cookielawinfo-row\"><td class=\"cookielawinfo-column-1\">_gat_gtag_UA_*<\/td><td class=\"cookielawinfo-column-4\">O cookie _gat_gtag_UA_*, instalado pelo Google Analytics, \u00e9 usado para armazenar um ID de usu\u00e1rio exclusivo.<\/td><\/tr><tr class=\"cookielawinfo-row\"><td class=\"cookielawinfo-column-1\">_gid<\/td><td class=\"cookielawinfo-column-4\">Instalado pelo Google Analytics, o cookie <strong>_gid<\/strong> armazena informa\u00e7\u00f5es sobre como os visitantes usam um site, al\u00e9m de criar um relat\u00f3rio de an\u00e1lise do desempenho do site. Alguns dos dados coletados incluem o n\u00famero de visitantes, sua fonte e as p\u00e1ginas que eles visitam anonimamente.<\/td><\/tr><tr class=\"cookielawinfo-row\"><td class=\"cookielawinfo-column-1\">_GRECAPTCHA<\/td><td class=\"cookielawinfo-column-4\">Este cookie \u00e9 definido pelo servi\u00e7o de recaptcha do Google para identificar bots para proteger o site contra ataques de spam maliciosos.<\/td><\/tr><tr class=\"cookielawinfo-row\"><td class=\"cookielawinfo-column-1\">cookielawinfo-checkbox-analytics<\/td><td class=\"cookielawinfo-column-4\">Este cookie \u00e9 definido pelo plug-in de Consentimento de Cookie. O cookie \u00e9 usado para armazenar o consentimento do usu\u00e1rio para os cookies na categoria \"<strong>Anal\u00edticos<\/strong>\".<\/td><\/tr><tr class=\"cookielawinfo-row\"><td class=\"cookielawinfo-column-1\">cookielawinfo-checkbox-functional<\/td><td class=\"cookielawinfo-column-4\">Este cookie \u00e9 definido pelo plug-in de Consentimento de Cookie para registrar o consentimento do usu\u00e1rio para os cookies na categoria \"<strong>Funcional<\/strong>\".<\/td><\/tr><tr class=\"cookielawinfo-row\"><td class=\"cookielawinfo-column-1\">cookielawinfo-checkbox-necessary<\/td><td class=\"cookielawinfo-column-4\">Este cookie \u00e9 definido pelo plug-in de Consentimento de Cookie. Os cookies s\u00e3o usados \u200b\u200bpara armazenar o consentimento do usu\u00e1rio para os cookies na categoria \"<strong>Necess\u00e1rio<\/strong>\".<\/td><\/tr><tr class=\"cookielawinfo-row\"><td class=\"cookielawinfo-column-1\">cookielawinfo-checkbox-others<\/td><td class=\"cookielawinfo-column-4\">Este cookie \u00e9 definido pelo plug-in de Consentimento de Cookie. O cookie \u00e9 usado para armazenar o consentimento do usu\u00e1rio para os cookies na categoria \"<strong>Outros<\/strong>\".<\/td><\/tr><tr class=\"cookielawinfo-row\"><td class=\"cookielawinfo-column-1\">cookielawinfo-checkbox-performance<\/td><td class=\"cookielawinfo-column-4\">Este cookie \u00e9 definido pelo plug-in de Consentimento de Cookie. O cookie \u00e9 usado para armazenar o consentimento do usu\u00e1rio para os cookies na categoria \"<strong>Desempenho<\/strong>\".<\/td><\/tr><tr class=\"cookielawinfo-row\"><td class=\"cookielawinfo-column-1\">viewed_cookie_policy<\/td><td class=\"cookielawinfo-column-4\">O cookie \u00e9 definido pelo plug-in de Consentimento de Cookie, e \u00e9 usado para armazenar se o usu\u00e1rio consentiu ou n\u00e3o com o uso de cookies. <strong>Ele n\u00e3o armazena nenhum dado pessoal<\/strong>.<\/td><\/tr><\/tbody><\/table><\/strong><\/p>\n<p>&nbsp;<\/p>\n<blockquote>\n<h3 style=\"text-align: justify;\"><span style=\"font-family: Montserrat;\"><strong><span style=\"color: #000000;\">Como controlamos as prefer\u00eancias de Cookies ?<\/span><\/strong><\/span><\/h3>\n<\/blockquote>\n<p><span style=\"font-family: Montserrat;\"><strong><span style=\"color: #000000;\"><\/span><\/strong><\/span><\/p>\n<p><span style=\"font-family: Montserrat;\"><strong><span style=\"color: #000000;\"><\/span><\/strong><\/span><\/p>\n<p style=\"text-align: justify;\"><span style=\"color: #000000;\">Caso decida alterar suas prefer\u00eancias posteriormente durante a sess\u00e3o de navega\u00e7\u00e3o, voc\u00ea pode clicar na guia <a class=\"cli_manage_current_consent\" style=\"cursor: pointer; text-decoration: underline;\">&#8220;Revisar Consentimento&#8221;.<\/a> no canto inferior esquerdo da p\u00e1gina. Isso exibir\u00e1 o aviso de consentimento novamente, permitindo que voc\u00ea altere suas prefer\u00eancias ou retire totalmente o seu consentimento. Al\u00e9m disso, diferentes navegadores fornecem m\u00e9todos diferentes para bloquear e excluir cookies usados \u200b\u200bpor sites.<\/span><\/p>\n<p style=\"text-align: justify;\"><span style=\"color: #000000;\">Voc\u00ea pode alterar as configura\u00e7\u00f5es do seu navegador para bloquear \/ excluir os cookies.<\/span><\/p>\n<p style=\"text-align: justify;\"><span style=\"color: #000000;\"><\/span><\/p>\n<p style=\"text-align: justify;\"><span style=\"color: #000000;\">Para saber mais sobre como gerenciar e excluir cookies, visite <a href=\"https:\/\/pt.wikipedia.org\/wiki\/Cookie_(inform%C3%A1tica)\" target=\"_blank\" rel=\"noopener\">https:\/\/pt.wikipedia.org<\/a><\/span><span style=\"color: #000000;\">, <a href=\"http:\/\/www.allaboutcookies.org\" target=\"_blank\" rel=\"noopener\">www.allaboutcookies.org<\/a><\/span><span style=\"color: #000000;\">.<\/span><\/p>\n<p style=\"text-align: justify;\"><span style=\"color: #000000;\"><\/span><\/p>\n<p style=\"text-align: justify;\"><span style=\"color: #000000;\"><\/span><\/p>\n<p style=\"text-align: justify;\"><strong><span style=\"color: #000000;\">P\u00e1gina de suporte dos principais navegadores:<\/span><\/strong><\/p>\n<p style=\"text-align: justify;\"><strong><span style=\"color: #000000;\"><\/span><\/strong><\/p>\n<table style=\"border-collapse: collapse; width: 39.1214%; height: 135px;\" border=\"1\">\n<tbody>\n<tr style=\"height: 24px;\">\n<td style=\"width: 210.75px; height: 24px; text-align: justify;\"><strong><span style=\"color: #000000;\">Navegador<\/span><\/strong><\/td>\n<td style=\"width: 210.75px; height: 24px; text-align: justify;\"><strong><span style=\"color: #000000;\">P\u00e1gina<\/span><\/strong><\/td>\n<\/tr>\n<tr style=\"height: 24px;\">\n<td style=\"width: 210.75px; height: 24px;\"><span style=\"color: #000000;\">Mozilla Firefox\u00a0<\/span><\/td>\n<td style=\"width: 210.75px; height: 24px;\"><span style=\"color: #000000;\"><a href=\"https:\/\/support.mozilla.org\/pt-BR\/kb\/cookies-informacoes-sites-armazenam-no-computador\" target=\"_blank\" rel=\"noopener\">Acesse<\/a><\/span><\/td>\n<\/tr>\n<tr style=\"height: 24px;\">\n<td style=\"width: 210.75px; height: 24px;\"><span style=\"color: #000000;\">Microsoft Edge<\/span><\/td>\n<td style=\"width: 210.75px; height: 24px;\"><span style=\"color: #000000;\"><a href=\"https:\/\/support.microsoft.com\/pt-br\/windows\/excluir-e-gerenciar-cookies-168dab11-0753-043d-7c16-ede5947fc64d\" target=\"_blank\" rel=\"noopener\">Acesse<\/a><\/span><\/td>\n<\/tr>\n<tr style=\"height: 24px;\">\n<td style=\"width: 210.75px; height: 24px;\"><span style=\"color: #000000;\">Google Chrome<\/span><\/td>\n<td style=\"width: 210.75px; height: 24px;\"><span style=\"color: #000000;\"><a href=\"https:\/\/support.google.com\/chrome\/answer\/95647?hl=pt-BR&amp;co=GENIE.Platform%3DDesktop\" target=\"_blank\" rel=\"noopener\">Acesse<\/a><\/span><\/td>\n<\/tr>\n<tr>\n<td style=\"width: 210.75px;\"><span style=\"color: #000000;\">Opera<br \/><\/span><\/td>\n<td style=\"width: 210.75px;\"><span style=\"color: #000000;\"><a href=\"https:\/\/help.opera.com\/en\/latest\/security-and-privacy\/#tracking\" target=\"_blank\" rel=\"noopener\">Acesse<\/a><br \/><\/span><\/td>\n<\/tr>\n<tr style=\"height: 24px;\">\n<td style=\"width: 210.75px; height: 24px;\"><span style=\"color: #000000;\">Safari Apple<\/span><\/td>\n<td style=\"width: 210.75px; height: 24px;\"><span style=\"color: #000000;\"><a href=\"https:\/\/support.apple.com\/pt-br\/guide\/safari\/sfri11471\/mac\" target=\"_blank\" rel=\"noopener\">Acesse<\/a><\/span><span style=\"color: #000000;\"><\/span><\/td>\n<\/tr>\n<\/tbody>\n<\/table>\n<p style=\"text-align: justify;\"><strong><span style=\"color: #000000;\"><\/span><\/strong><\/p>\n<p style=\"text-align: justify;\"><strong><span style=\"color: #000000;\">Em outros apps de navega\u00e7\u00e3o: <\/span><\/strong><span style=\"color: #000000;\">Para ver instru\u00e7\u00f5es, consulte o site de suporte do seu navegador.<\/span><\/p>\n<p style=\"text-align: justify;\"><span style=\"color: #000000;\"><\/span><\/p>\n<p style=\"text-align: justify;\"><span style=\"color: #000000;\">Fim da Pol\u00edtica de Cookies.<\/span><\/p>\n<p>[\/et_pb_text][\/et_pb_column][\/et_pb_row][\/et_pb_section]<\/p>\n","protected":false},"excerpt":{"rendered":"<p>Esta p\u00e1gina descreve a nossa pol\u00edtica de cookies, e os Cookies que utilizamos em nosso site.<\/p>\n","protected":false},"author":2,"featured_media":0,"parent":0,"menu_order":0,"comment_status":"closed","ping_status":"closed","template":"","meta":{"_et_pb_use_builder":"on","_et_pb_old_content":"<div class=\"cli_pg_page_contaner\">\n<h3>About this cookie policy<\/h3>\n<div>This Cookie Policy explains what cookies are and how we use them, the types of cookies we use i.e, the information we collect using cookies and how that information is used, and how to control the cookie preferences. For further information on how we use, store, and keep your personal data secure, see our Privacy Policy.\n\nYou can at any time change or withdraw your consent from the Cookie Declaration on our website\nLearn more about who we are, how you can contact us, and how we process personal data in our Privacy Policy.\nYour consent applies to the following domains: rhapsodia.com.br\n[user_consent_state]\n\n<\/div>\n<h3>What are cookies ?<\/h3>\n<div>Cookies are small text files that are used to store small pieces of information. They are stored on your device when the website is loaded on your browser. These cookies help us make the website function properly, make it more secure, provide better user experience, and understand how the website performs and to analyze what works and where it needs improvement.<\/div>\n<h3>How do we use cookies ?<\/h3>\n<div>As most of the online services, our website uses first-party and third-party cookies for several purposes. First-party cookies are mostly necessary for the website to function the right way, and they do not collect any of your personally identifiable data.\n\nThe third-party cookies used on our website are mainly for understanding how the website performs, how you interact with our website, keeping our services secure, providing advertisements that are relevant to you, and all in all providing you with a better and improved user experience and help speed up your future interactions with our website.\n\n<\/div>\n<h3>What types of cookies do we use ?<\/h3>\n<div>Essential: Some cookies are essential for you to be able to experience the full functionality of our site. They allow us to maintain user sessions and prevent any security threats. They do not collect or store any personal information. For example, these cookies allow you to log-in to your account and add products to your basket, and checkout securely.\n\nStatistics: These cookies store information like the number of visitors to the website, the number of unique visitors, which pages of the website have been visited, the source of the visit, etc. These data help us understand and analyze how well the website performs and where it needs improvement.\n\nMarketing: Our website displays advertisements. These cookies are used to personalize the advertisements that we show to you so that they are meaningful to you. These cookies also help us keep track of the efficiency of these ad campaigns.\nThe information stored in these cookies may also be used by the third-party ad providers to show you ads on other websites on the browser as well.\n\nFunctional: These are the cookies that help certain non-essential functionalities on our website. These functionalities include embedding content like videos or sharing content of the website on social media platforms.\n\nPreferences: These cookies help us store your settings and browsing preferences like language preferences so that you have a better and efficient experience on future visits to the website.\n[cookie_audit columns=\"cookie,description\" heading=\"The below list details the cookies used in our website.\"]\n\n<\/div>\n<h3>How can I control the cookie preferences ?<\/h3>\n<div>Should you decide to change your preferences later through your browsing session, you can click on the \"Privacy &amp; Cookie Policy\" tab on your screen. This will display the consent notice again enabling you to change your preferences or withdraw your consent entirely.\n\nIn addition to this, different browsers provide different methods to block and delete cookies used by websites. You can change the settings of your browser to block\/delete the cookies. To find out more about how to manage and delete cookies, visit wikipedia.org, www.allaboutcookies.org.\n\n<\/div>\n<\/div>","_et_gb_content_width":"","footnotes":""},"difl_page_category":[],"class_list":["post-259628","page","type-page","status-publish","hentry"],"_links":{"self":[{"href":"https:\/\/rhapsodia.com.br\/ti\/wp-json\/wp\/v2\/pages\/259628","targetHints":{"allow":["GET"]}}],"collection":[{"href":"https:\/\/rhapsodia.com.br\/ti\/wp-json\/wp\/v2\/pages"}],"about":[{"href":"https:\/\/rhapsodia.com.br\/ti\/wp-json\/wp\/v2\/types\/page"}],"author":[{"embeddable":true,"href":"https:\/\/rhapsodia.com.br\/ti\/wp-json\/wp\/v2\/users\/2"}],"replies":[{"embeddable":true,"href":"https:\/\/rhapsodia.com.br\/ti\/wp-json\/wp\/v2\/comments?post=259628"}],"version-history":[{"count":45,"href":"https:\/\/rhapsodia.com.br\/ti\/wp-json\/wp\/v2\/pages\/259628\/revisions"}],"predecessor-version":[{"id":260276,"href":"https:\/\/rhapsodia.com.br\/ti\/wp-json\/wp\/v2\/pages\/259628\/revisions\/260276"}],"wp:attachment":[{"href":"https:\/\/rhapsodia.com.br\/ti\/wp-json\/wp\/v2\/media?parent=259628"}],"wp:term":[{"taxonomy":"difl_page_category","embeddable":true,"href":"https:\/\/rhapsodia.com.br\/ti\/wp-json\/wp\/v2\/difl_page_category?post=259628"}],"curies":[{"name":"wp","href":"https:\/\/api.w.org\/{rel}","templated":true}]}}